{"id":75,"date":"2019-02-05T13:50:58","date_gmt":"2019-02-05T13:50:58","guid":{"rendered":"http:\/\/34.247.247.142\/?page_id=75"},"modified":"2022-08-13T09:13:52","modified_gmt":"2022-08-13T09:13:52","slug":"sobre-nos","status":"publish","type":"page","link":"https:\/\/www.aplicartech.pt\/?page_id=75","title":{"rendered":"Sobre N\u00f3s"},"content":{"rendered":"\n<p><p>A APLICARTECH agrega expertise de mais de 20 anos em tecnologia com discurso pr\u00e1tico e com aplica\u00e7\u00e3o a quase todo tipo de neg\u00f3cio.\u00a0 Em tecnologias de identifica\u00e7\u00e3o s\u00e3o mais de 10 anos de campo.Sediada em Lisboa (PT), tem a cidade de Ubach-Palemberg (DE) como novo ponto de apoio estrat\u00e9gico a projetos na Alemanha, B\u00e9lgica, Holanda e Luxemburgo. Sua localiza\u00e7\u00e3o permite fazer neg\u00f3cios nos pa\u00edses indicados com pequena desloca\u00e7\u00e3o e proximidade com os parceiros de hardware.No Brasil, tem a FKTECH Gest\u00e3o de Recursos Operacionais como parceira de neg\u00f3cios para atua\u00e7\u00e3o em todo o territ\u00f3rio nacional.<\/p><\/p>\n\n\n\n<p><\/p>\n\n\n<p><div class=\"map_wrapper\" id=\"map_wrapper_294\">\n<div class=\"map_box\" style=\"max-width:2000px\">\n<div class=\"map_aspect_ratio\" style=\"padding-top:70%\" data-padding-top=\"70%\" data-padding-top-mobile=\"0%\">\n<div class=\"map_container\">\n<div class=\"map_render map_loading\" id=\"map_294\"><\/div>\n<\/div>\n<\/div>\n<\/div>\n<\/div><div class=\"map_wrapper\" id=\"map_wrapper_297\">\n<div class=\"map_box\" style=\"max-width:500px\">\n<div class=\"map_aspect_ratio\" style=\"padding-top:70%\" data-padding-top=\"70%\" data-padding-top-mobile=\"0%\">\n<div class=\"map_container\">\n<div class=\"map_render map_loading\" id=\"map_297\"><\/div>\n<\/div>\n<\/div>\n<\/div>\n<\/div><\/p>\n<p>A APLICARTECH tem como objetivo oferecer tecnologia para que sua empresa obtenha dados de sua opera\u00e7\u00e3o, seja ela de qual for o ramo de atividade, para o aperfei\u00e7oamento constante dos resultados baseado na coleta, tratamento e partilha de informa\u00e7\u00e3o.<\/p>\n<p>Como filosofia de trabalho, a APLICARTECH tem o conceito de C O S (Collection &#8211; Organize &#8211; Share), onde permite ao cliente que indique qual(is) parte(s) do projeto ele quer que a Empresa atue. Desde o desenho do projeto a sua execu\u00e7\u00e3o, a APLICARTECH tem plenas capacidades para entregar a seu cliente o&nbsp;<\/p>","protected":false},"excerpt":{"rendered":"<p>A APLICARTECH agrega expertise de mais de 20 anos em tecnologia com discurso pr\u00e1tico e com aplica\u00e7\u00e3o a quase todo tipo de neg\u00f3cio.\u00a0 Em tecnologias de identifica\u00e7\u00e3o s\u00e3o mais de 10 anos de campo.Sediada em Lisboa (PT), tem a cidade de Ubach-Palemberg (DE) como novo ponto de apoio estrat\u00e9gico a projetos na Alemanha, B\u00e9lgica, Holanda [&hellip;]<\/p>\n","protected":false},"author":1,"featured_media":0,"parent":0,"menu_order":0,"comment_status":"closed","ping_status":"closed","template":"","meta":[],"_links":{"self":[{"href":"https:\/\/www.aplicartech.pt\/index.php?rest_route=\/wp\/v2\/pages\/75"}],"collection":[{"href":"https:\/\/www.aplicartech.pt\/index.php?rest_route=\/wp\/v2\/pages"}],"about":[{"href":"https:\/\/www.aplicartech.pt\/index.php?rest_route=\/wp\/v2\/types\/page"}],"author":[{"embeddable":true,"href":"https:\/\/www.aplicartech.pt\/index.php?rest_route=\/wp\/v2\/users\/1"}],"replies":[{"embeddable":true,"href":"https:\/\/www.aplicartech.pt\/index.php?rest_route=%2Fwp%2Fv2%2Fcomments&post=75"}],"version-history":[{"count":0,"href":"https:\/\/www.aplicartech.pt\/index.php?rest_route=\/wp\/v2\/pages\/75\/revisions"}],"wp:attachment":[{"href":"https:\/\/www.aplicartech.pt\/index.php?rest_route=%2Fwp%2Fv2%2Fmedia&parent=75"}],"curies":[{"name":"wp","href":"https:\/\/api.w.org\/{rel}","templated":true}]}}