{"id":69,"date":"2019-02-05T13:48:50","date_gmt":"2019-02-05T13:48:50","guid":{"rendered":"http:\/\/34.247.247.142\/?page_id=69"},"modified":"2022-08-13T09:03:41","modified_gmt":"2022-08-13T09:03:41","slug":"justid","status":"publish","type":"page","link":"https:\/\/www.aplicartech.pt\/?page_id=69","title":{"rendered":"JustID"},"content":{"rendered":"\n<p>O JustID \u00e9 uma plataforma web que coleciona os dados capturados em campo, online ou offline, de pessoas, objetos ou actividades. Toda a informa\u00e7\u00e3o pode ser partilhada com sistemas de terceiros.<\/p>\n\n\n\n<p>Seja ind\u00fastria, empresa de servi\u00e7os ou com\u00e9rcio, qualquer que seja o seu tamanho, o JustID se adapta facilmente \u00e0s situa\u00e7\u00f5es, obtendo dados em campo e apresentando a solu\u00e7\u00e3o atrav\u00e9s de sistemas, equipamentos ou at\u00e9 mesmo equipa pr\u00f3pria para a sua opera\u00e7\u00e3o.<\/p>\n\n\n\n<p>Divida informa\u00e7\u00f5es com fornecedores ou mesmo integre com sistemas legados, propiciando melhoria e unicidade da informa\u00e7\u00e3o.<\/p>\n\n\n\n<p>Fa\u00e7a contacto e saiba mais sobre esta novidade de mercado.<\/p>\n\n\n\n<p>Para acessar o JustID, v\u00e1 em <a href=\"https:\/\/justid.aplicartech.pt\/\"><span style=\"text-decoration: underline;\">justid.aplicartech.pt<\/span><\/a> <\/p>\n","protected":false},"excerpt":{"rendered":"<p>O JustID \u00e9 uma plataforma web que coleciona os dados capturados em campo, online ou offline, de pessoas, objetos ou actividades. Toda a informa\u00e7\u00e3o pode ser partilhada com sistemas de terceiros. Seja ind\u00fastria, empresa de servi\u00e7os ou com\u00e9rcio, qualquer que seja o seu tamanho, o JustID se adapta facilmente \u00e0s situa\u00e7\u00f5es, obtendo dados em campo [&hellip;]<\/p>\n","protected":false},"author":1,"featured_media":0,"parent":0,"menu_order":0,"comment_status":"closed","ping_status":"closed","template":"","meta":[],"_links":{"self":[{"href":"https:\/\/www.aplicartech.pt\/index.php?rest_route=\/wp\/v2\/pages\/69"}],"collection":[{"href":"https:\/\/www.aplicartech.pt\/index.php?rest_route=\/wp\/v2\/pages"}],"about":[{"href":"https:\/\/www.aplicartech.pt\/index.php?rest_route=\/wp\/v2\/types\/page"}],"author":[{"embeddable":true,"href":"https:\/\/www.aplicartech.pt\/index.php?rest_route=\/wp\/v2\/users\/1"}],"replies":[{"embeddable":true,"href":"https:\/\/www.aplicartech.pt\/index.php?rest_route=%2Fwp%2Fv2%2Fcomments&post=69"}],"version-history":[{"count":0,"href":"https:\/\/www.aplicartech.pt\/index.php?rest_route=\/wp\/v2\/pages\/69\/revisions"}],"wp:attachment":[{"href":"https:\/\/www.aplicartech.pt\/index.php?rest_route=%2Fwp%2Fv2%2Fmedia&parent=69"}],"curies":[{"name":"wp","href":"https:\/\/api.w.org\/{rel}","templated":true}]}}