{"id":56,"date":"2019-02-05T13:47:10","date_gmt":"2019-02-05T13:47:10","guid":{"rendered":"http:\/\/34.247.247.142\/?page_id=56"},"modified":"2022-08-10T08:36:25","modified_gmt":"2022-08-10T08:36:25","slug":"home","status":"publish","type":"page","link":"https:\/\/www.aplicartech.pt\/","title":{"rendered":"Home"},"content":{"rendered":"\n<div class=\"alignnormal\"><div id=\"metaslider-id-57\" style=\"max-width: 1400px;\" class=\"ml-slider-3-60-1 metaslider metaslider-flex metaslider-57 ml-slider ms-theme-default\" role=\"region\" aria-roledescription=\"Slideshow\" aria-label=\"New Slideshow\">\n    <div id=\"metaslider_container_57\">\n        <div id=\"metaslider_57\">\n            <ul aria-live=\"polite\" class=\"slides\">\n                <li style=\"display: block; width: 100%;\" class=\"slide-67 ms-image\" aria-roledescription=\"slide\" aria-label=\"slide-67\"><a href=\"https:\/\/webspace.400102643.pt.194-65-141-202.altice-empresas.pt\/ativos-patrimoniais\/\" target=\"_blank\"><img src=\"https:\/\/www.aplicartech.pt\/wp-content\/uploads\/2019\/02\/site12_menor-1-1400x600.jpg\" height=\"600\" width=\"1400\" alt=\"\" class=\"slider-57 slide-67\" title=\"site12_menor-1\" \/><\/a><div class=\"caption-wrap\"><div class=\"caption\">Controle de ativos, pessoas e materiais. Saiba como.\n<\/div><\/div><\/li>\n                <li style=\"display: none; width: 100%;\" class=\"slide-64 ms-image\" aria-roledescription=\"slide\" aria-label=\"slide-64\"><a href=\"https:\/\/webspace.400102643.pt.194-65-141-202.altice-empresas.pt\/fale-conosco\/\" target=\"_blank\"><img src=\"https:\/\/www.aplicartech.pt\/wp-content\/uploads\/2019\/02\/site2_menor-1-1400x600.jpg\" height=\"600\" width=\"1400\" alt=\"\" class=\"slider-57 slide-64\" title=\"site2_menor-1\" \/><\/a><div class=\"caption-wrap\"><div class=\"caption\">Saiba o que tem em estoque, seja por controlando a sa\u00edda dos materiais, seja atrav\u00e9s de levantamento. Fale conosco.\n<\/div><\/div><\/li>\n                <li style=\"display: none; width: 100%;\" class=\"slide-66 ms-image\" aria-roledescription=\"slide\" aria-label=\"slide-66\"><a href=\"https:\/\/webspace.400102643.pt.194-65-141-202.altice-empresas.pt\/acesso\/\" target=\"_blank\"><img src=\"https:\/\/www.aplicartech.pt\/wp-content\/uploads\/2019\/02\/site10_menor-1-1400x600.jpg\" height=\"600\" width=\"1400\" alt=\"\" class=\"slider-57 slide-66\" title=\"site10_menor-1\" \/><\/a><div class=\"caption-wrap\"><div class=\"caption\">Transforma\u00e7\u00e3o digital: com apenas um dispositivo, sua empresa \u00e9 capaz de mudar a rotina e eliminar controles manuais, al\u00e9m de poder integrar aos sistemas existentes.\n<\/div><\/div><\/li>\n                <li style=\"display: none; width: 100%;\" class=\"slide-65 ms-image\" aria-roledescription=\"slide\" aria-label=\"slide-65\"><a href=\"https:\/\/webspace.400102643.pt.194-65-141-202.altice-empresas.pt\/justid\/\" target=\"_blank\"><img src=\"https:\/\/www.aplicartech.pt\/wp-content\/uploads\/2019\/03\/site6_menor-1100x471.jpg\" height=\"600\" width=\"1400\" alt=\"\" class=\"slider-57 slide-65\" title=\"site6_menor\" \/><\/a><div class=\"caption-wrap\"><div class=\"caption\">Acompanhamento de movimenta\u00e7\u00f5es de itens. Saiba como.\n<\/div><\/div><\/li>\n                <li style=\"display: none; width: 100%;\" class=\"slide-63 ms-image\" aria-roledescription=\"slide\" aria-label=\"slide-63\"><a href=\"https:\/\/webspace.400102643.pt.194-65-141-202.altice-empresas.pt\/orcamento\/\" target=\"_blank\"><img src=\"https:\/\/www.aplicartech.pt\/wp-content\/uploads\/2019\/02\/site1_menor-1-1400x600.jpg\" height=\"600\" width=\"1400\" alt=\"\" class=\"slider-57 slide-63\" title=\"site1_menor-1\" \/><\/a><div class=\"caption-wrap\"><div class=\"caption\">A APLICARTECH tem um novo sistema de elabora\u00e7\u00e3o e gest\u00e3o de or\u00e7amentos para constru\u00e7\u00e3o civil. Fa\u00e7a contacto e descubra suas vantagens.<\/div><\/div><\/li>\n            <\/ul>\n        <\/div>\n        \n    <\/div>\n<\/div><\/div>\n\n\n\n<p>Controlar a opera\u00e7\u00e3o de equipas externas, saber a disponibilidade de materiais, partilhar o estado de um servi\u00e7o aos clientes finais, tudo isso e muito mais \u00e9 poss\u00edvel com o JustID. Desde a coleta de dados at\u00e9 a divulga\u00e7\u00e3o da informa\u00e7\u00e3o, temos o servi\u00e7o ideal que atenda a sua necessidade. <\/p>\n\n\n\n<p>A APLICARTECH colabora com a sua empresa para monitorizar e controlar pessoas, objetos e actividades. Com a ajuda de equipamentos de ultima gera\u00e7\u00e3o, podemos lhe oferecer solu\u00e7\u00e3o completa para aumentar a produtividade da sua empresa, n\u00e3o importa o seu tamanho ou tipo de actividade.<\/p>\n\n\n\n<p>A APLICARTECH conta com o suporte de grandes marcas mundiais como FEIG, PANMOBIL, HID entre outras.<\/p>\n\n\n\n<p>Agora com o nosso ponto de apoio em \u00dcbach-Palemberg, estamos prontos para atender Alemanha, Holanda e B\u00e9lgica.<\/p>\n\n\n\n<p>Se precisa de RFID, n\u00f3s temos os melhores pre\u00e7os. Mande-nos um email para uma cota\u00e7\u00e3o.<\/p>\n","protected":false},"excerpt":{"rendered":"<p>Controlar a opera\u00e7\u00e3o de equipas externas, saber a disponibilidade de materiais, partilhar o estado de um servi\u00e7o aos clientes finais, tudo isso e muito mais \u00e9 poss\u00edvel com o JustID. Desde a coleta de dados at\u00e9 a divulga\u00e7\u00e3o da informa\u00e7\u00e3o, temos o servi\u00e7o ideal que atenda a sua necessidade. A APLICARTECH colabora com a sua [&hellip;]<\/p>\n","protected":false},"author":1,"featured_media":0,"parent":0,"menu_order":0,"comment_status":"closed","ping_status":"closed","template":"","meta":[],"_links":{"self":[{"href":"https:\/\/www.aplicartech.pt\/index.php?rest_route=\/wp\/v2\/pages\/56"}],"collection":[{"href":"https:\/\/www.aplicartech.pt\/index.php?rest_route=\/wp\/v2\/pages"}],"about":[{"href":"https:\/\/www.aplicartech.pt\/index.php?rest_route=\/wp\/v2\/types\/page"}],"author":[{"embeddable":true,"href":"https:\/\/www.aplicartech.pt\/index.php?rest_route=\/wp\/v2\/users\/1"}],"replies":[{"embeddable":true,"href":"https:\/\/www.aplicartech.pt\/index.php?rest_route=%2Fwp%2Fv2%2Fcomments&post=56"}],"version-history":[{"count":0,"href":"https:\/\/www.aplicartech.pt\/index.php?rest_route=\/wp\/v2\/pages\/56\/revisions"}],"wp:attachment":[{"href":"https:\/\/www.aplicartech.pt\/index.php?rest_route=%2Fwp%2Fv2%2Fmedia&parent=56"}],"curies":[{"name":"wp","href":"https:\/\/api.w.org\/{rel}","templated":true}]}}