{"id":38,"date":"2019-02-05T13:22:11","date_gmt":"2019-02-05T13:22:11","guid":{"rendered":"http:\/\/34.247.247.142\/?page_id=38"},"modified":"2019-02-05T13:22:58","modified_gmt":"2019-02-05T13:22:58","slug":"ativos-patrimoniais","status":"publish","type":"page","link":"https:\/\/www.aplicartech.pt\/?page_id=38","title":{"rendered":"Ativos Patrimoniais"},"content":{"rendered":"\n<p>\n\nA ISO 55.000 traz consigo a relev\u00e2ncia no controle dos ativos patrimoniais, gerando impactos financeiros para as empresas.<br> A APLICARTECH tem uma solu\u00e7\u00e3o inteligente para isso, sendo capaz de al\u00e9m de prover os sistemas, tags e equipamentos para sua opera\u00e7\u00e3o, tamb\u00e9m prov\u00ea a opera\u00e7\u00e3o de etiquetamento do item e sua cataloga\u00e7\u00e3o.<br> Seja um documento, equipamento ou obra de arte, todos s\u00e3o imprescind\u00edveis ter uma identifica\u00e7\u00e3o capaz de torna-los de f\u00e1cil reconhecimento e capazes de rastreabilidade.\n\n<\/p>\n\n\n\n<ul class=\"wp-container-2 wp-block-gallery-1 wp-block-gallery columns-2 is-cropped\"><li class=\"blocks-gallery-item\"><figure><img fetchpriority=\"high\" width=\"1024\" height=\"682\" src=\"http:\/\/34.247.247.142\/wp-content\/uploads\/2019\/02\/site13_menor-1-1024x682.jpg\" alt=\"\" data-id=\"39\" data-link=\"http:\/\/34.247.247.142\/?attachment_id=39\" class=\"wp-image-39\" srcset=\"https:\/\/www.aplicartech.pt\/wp-content\/uploads\/2019\/02\/site13_menor-1-1024x682.jpg 1024w, https:\/\/www.aplicartech.pt\/wp-content\/uploads\/2019\/02\/site13_menor-1-300x200.jpg 300w, https:\/\/www.aplicartech.pt\/wp-content\/uploads\/2019\/02\/site13_menor-1-768x512.jpg 768w, https:\/\/www.aplicartech.pt\/wp-content\/uploads\/2019\/02\/site13_menor-1.jpg 1732w\" sizes=\"(max-width: 1024px) 100vw, 1024px\" \/><\/figure><\/li><li class=\"blocks-gallery-item\"><figure><img width=\"446\" height=\"297\" src=\"http:\/\/34.247.247.142\/wp-content\/uploads\/2019\/02\/ativo2.jpg\" alt=\"\" data-id=\"40\" data-link=\"http:\/\/34.247.247.142\/?attachment_id=40\" class=\"wp-image-40\" srcset=\"https:\/\/www.aplicartech.pt\/wp-content\/uploads\/2019\/02\/ativo2.jpg 446w, https:\/\/www.aplicartech.pt\/wp-content\/uploads\/2019\/02\/ativo2-300x200.jpg 300w\" sizes=\"(max-width: 446px) 100vw, 446px\" \/><\/figure><\/li><\/ul>\n\n\n\n<blockquote class=\"wp-block-quote\"><p><\/p><cite>&#8220;62%\u00a0dos colaboradores\u00a0perdem entre 1 e 2 horas\u00a0por semana\u00a0<br>procurando por informa\u00e7\u00f5es ou\u00a0documentos perdidos.&#8221;<br>EDM Group &#8211; UK<\/cite><\/blockquote>\n\n\n\n<figure class=\"wp-block-image\"><img width=\"584\" height=\"418\" src=\"http:\/\/34.247.247.142\/wp-content\/uploads\/2019\/02\/ativo3.png\" alt=\"\" class=\"wp-image-41\" srcset=\"https:\/\/www.aplicartech.pt\/wp-content\/uploads\/2019\/02\/ativo3.png 584w, https:\/\/www.aplicartech.pt\/wp-content\/uploads\/2019\/02\/ativo3-300x215.png 300w\" sizes=\"(max-width: 584px) 100vw, 584px\" \/><\/figure>\n","protected":false},"excerpt":{"rendered":"<p>A ISO 55.000 traz consigo a relev\u00e2ncia no controle dos ativos patrimoniais, gerando impactos financeiros para as empresas. A APLICARTECH tem uma solu\u00e7\u00e3o inteligente para isso, sendo capaz de al\u00e9m de prover os sistemas, tags e equipamentos para sua opera\u00e7\u00e3o, tamb\u00e9m prov\u00ea a opera\u00e7\u00e3o de etiquetamento do item e sua cataloga\u00e7\u00e3o. Seja um documento, equipamento [&hellip;]<\/p>\n","protected":false},"author":1,"featured_media":0,"parent":0,"menu_order":0,"comment_status":"closed","ping_status":"closed","template":"","meta":[],"_links":{"self":[{"href":"https:\/\/www.aplicartech.pt\/index.php?rest_route=\/wp\/v2\/pages\/38"}],"collection":[{"href":"https:\/\/www.aplicartech.pt\/index.php?rest_route=\/wp\/v2\/pages"}],"about":[{"href":"https:\/\/www.aplicartech.pt\/index.php?rest_route=\/wp\/v2\/types\/page"}],"author":[{"embeddable":true,"href":"https:\/\/www.aplicartech.pt\/index.php?rest_route=\/wp\/v2\/users\/1"}],"replies":[{"embeddable":true,"href":"https:\/\/www.aplicartech.pt\/index.php?rest_route=%2Fwp%2Fv2%2Fcomments&post=38"}],"version-history":[{"count":0,"href":"https:\/\/www.aplicartech.pt\/index.php?rest_route=\/wp\/v2\/pages\/38\/revisions"}],"wp:attachment":[{"href":"https:\/\/www.aplicartech.pt\/index.php?rest_route=%2Fwp%2Fv2%2Fmedia&parent=38"}],"curies":[{"name":"wp","href":"https:\/\/api.w.org\/{rel}","templated":true}]}}