{"id":260,"date":"2020-04-23T21:13:43","date_gmt":"2020-04-23T21:13:43","guid":{"rendered":"https:\/\/webspace.400102643.pt.194-65-141-202.altice-empresas.pt\/?page_id=260"},"modified":"2020-09-04T23:01:42","modified_gmt":"2020-09-04T23:01:42","slug":"gestao-em-conta-br","status":"publish","type":"page","link":"https:\/\/www.aplicartech.pt\/?page_id=260","title":{"rendered":"Gest\u00e3o em Conta (BR)"},"content":{"rendered":"\n<p>O servi\u00e7o <strong>Gest\u00e3o em Conta realiza h\u00e1 mais de 11 anos avalia\u00e7\u00f5es em faturas telef\u00f4nicas nas mais diversas operadoras brasileiras<\/strong>, atuando junto a clientes corporativos como seu bra\u00e7o t\u00e9cnico para otimiza\u00e7\u00e3o de custos nessa \u00e1rea. A FKTECH \u00e9 nosso bra\u00e7o operacional no Brasil.<\/p>\n\n\n\n<div class=\"wp-block-image\"><figure class=\"alignleft is-resized\"><img fetchpriority=\"high\" src=\"https:\/\/gestao.aplicartech.pt\/img\/3.png\" alt=\"\" width=\"320\" height=\"162\"\/><\/figure><\/div>\n\n\n\n<p>Sabe-se que telefonia \u00e9 uma das r\u00fabricas com maiores valores gastos dentro das empresas. Por isso, \u00e9 fundamental uma an\u00e1lise clara, objetiva e orientada a otimiza\u00e7\u00e3o de custos.<\/p>\n\n\n\n<p>Se voc\u00ea tem gastos de telefonia no Brasil, procure-nos para uma avalia\u00e7\u00e3o base inicial sem custos. Temos certeza que voc\u00ea ser\u00e1 surpreendido pelos resultados. Ligue-nos no (31) 4042-2404 ou envie email para <a href=\"mailto: gestao@webspace.400102643.pt.194-65-141-202.altice-empresas.pt\">gestao@webspace.400102643.pt.194-65-141-202.altice-empresas.pt <\/a>e teremos o maior prazer em lhe atender.<\/p>\n\n\n\n<p>Se voc\u00ea j\u00e1 \u00e9 cliente do Gest\u00e3o em Conta e quer acessar a plataforma, <a href=\"http:\/\/gestao.aplicartech.pt\" target=\"_blank\" rel=\"noreferrer noopener\" aria-label=\"clique aqui. (abre num novo separador)\">clique aqui.<\/a><\/p>\n\n\n\n<div class=\"wp-block-button\"><a class=\"wp-block-button__link has-background has-vivid-green-cyan-background-color\" href=\"https:\/\/gestao.aplicartech.pt\/\">Acesse agora o Gest\u00e3o em Conta<\/a><\/div>\n","protected":false},"excerpt":{"rendered":"<p>O servi\u00e7o Gest\u00e3o em Conta realiza h\u00e1 mais de 11 anos avalia\u00e7\u00f5es em faturas telef\u00f4nicas nas mais diversas operadoras brasileiras, atuando junto a clientes corporativos como seu bra\u00e7o t\u00e9cnico para otimiza\u00e7\u00e3o de custos nessa \u00e1rea. A FKTECH \u00e9 nosso bra\u00e7o operacional no Brasil. Sabe-se que telefonia \u00e9 uma das r\u00fabricas com maiores valores gastos dentro [&hellip;]<\/p>\n","protected":false},"author":3,"featured_media":0,"parent":0,"menu_order":0,"comment_status":"closed","ping_status":"closed","template":"","meta":[],"_links":{"self":[{"href":"https:\/\/www.aplicartech.pt\/index.php?rest_route=\/wp\/v2\/pages\/260"}],"collection":[{"href":"https:\/\/www.aplicartech.pt\/index.php?rest_route=\/wp\/v2\/pages"}],"about":[{"href":"https:\/\/www.aplicartech.pt\/index.php?rest_route=\/wp\/v2\/types\/page"}],"author":[{"embeddable":true,"href":"https:\/\/www.aplicartech.pt\/index.php?rest_route=\/wp\/v2\/users\/3"}],"replies":[{"embeddable":true,"href":"https:\/\/www.aplicartech.pt\/index.php?rest_route=%2Fwp%2Fv2%2Fcomments&post=260"}],"version-history":[{"count":1,"href":"https:\/\/www.aplicartech.pt\/index.php?rest_route=\/wp\/v2\/pages\/260\/revisions"}],"predecessor-version":[{"id":364,"href":"https:\/\/www.aplicartech.pt\/index.php?rest_route=\/wp\/v2\/pages\/260\/revisions\/364"}],"wp:attachment":[{"href":"https:\/\/www.aplicartech.pt\/index.php?rest_route=%2Fwp%2Fv2%2Fmedia&parent=260"}],"curies":[{"name":"wp","href":"https:\/\/api.w.org\/{rel}","templated":true}]}}